{"id":37971,"date":"2024-04-08T17:11:07","date_gmt":"2024-04-08T21:11:07","guid":{"rendered":"https:\/\/isog.org\/?page_id=37971"},"modified":"2024-04-08T19:05:46","modified_gmt":"2024-04-08T23:05:46","slug":"faq-domande-frequenti","status":"publish","type":"page","link":"https:\/\/isog.org\/it\/faq-domande-frequenti\/","title":{"rendered":"FAQ &#8211; Domande Frequenti"},"content":{"rendered":"\t\t<div data-elementor-type=\"wp-page\" data-elementor-id=\"37971\" class=\"elementor elementor-37971 elementor-37935\" data-elementor-post-type=\"page\">\n\t\t\t\t\t\t<section class=\"penci-section penci-dmcheck penci-elbg-activate penci-elbg-img penci-disSticky penci-structure-10 elementor-section elementor-top-section elementor-element elementor-element-e67d0d3 elementor-section-boxed elementor-section-height-default elementor-section-height-default\" data-id=\"e67d0d3\" data-element_type=\"section\" data-e-type=\"section\" data-settings=\"{&quot;background_background&quot;:&quot;classic&quot;}\">\n\t\t\t\t\t\t<div class=\"elementor-container elementor-column-gap-no\">\n\t\t\t\t\t<div class=\"penci-ercol-100 penci-ercol-order-1 penci-sticky-ct    elementor-column elementor-col-100 elementor-top-column elementor-element elementor-element-0996adf\" data-id=\"0996adf\" data-element_type=\"column\" data-e-type=\"column\">\n\t\t\t<div class=\"elementor-widget-wrap elementor-element-populated\">\n\t\t\t\t\t\t<div class=\"elementor-element elementor-element-d3ed115 elementor-widget elementor-widget-penci-fancy_heading\" data-id=\"d3ed115\" data-element_type=\"widget\" data-e-type=\"widget\" data-widget_type=\"penci-fancy_heading.default\">\n\t\t\t\t<div class=\"elementor-widget-container\">\n\t\t\t\t\t\t\t<div class=\"penci-fancy-heading penci-heading-text-left\">\n\t\t\t<div class=\"penci-fancy-heading-inner\">\n\t\t\t\t<h2 class=\"penci-heading-title\"><span class=\"inner-tit\">FAQ - Domande Frequenti<\/span><\/h2>\t\t\t<\/div>\n\t\t<\/div>\n\t\t\t\t\t\t<\/div>\n\t\t\t\t<\/div>\n\t\t\t\t\t<\/div>\n\t\t<\/div>\n\t\t\t\t\t<\/div>\n\t\t<\/section>\n\t\t\t\t<section class=\"penci-section penci-disSticky penci-structure-10 elementor-section elementor-top-section elementor-element elementor-element-818a2f8 elementor-section-boxed elementor-section-height-default elementor-section-height-default\" data-id=\"818a2f8\" data-element_type=\"section\" data-e-type=\"section\">\n\t\t\t\t\t\t<div class=\"elementor-container elementor-column-gap-default\">\n\t\t\t\t\t<div class=\"penci-ercol-100 penci-ercol-order-1 penci-sticky-ct    elementor-column elementor-col-100 elementor-top-column elementor-element elementor-element-fa99b5d\" data-id=\"fa99b5d\" data-element_type=\"column\" data-e-type=\"column\">\n\t\t\t<div class=\"elementor-widget-wrap\">\n\t\t\t\t\t\t\t<\/div>\n\t\t<\/div>\n\t\t\t\t\t<\/div>\n\t\t<\/section>\n\t\t\t\t<section class=\"penci-section penci-disSticky penci-structure-10 elementor-section elementor-top-section elementor-element elementor-element-f8c986d elementor-section-boxed elementor-section-height-default elementor-section-height-default\" data-id=\"f8c986d\" data-element_type=\"section\" data-e-type=\"section\">\n\t\t\t\t\t\t<div class=\"elementor-container elementor-column-gap-no\">\n\t\t\t\t\t<div class=\"penci-ercol-100 penci-ercol-order-1 penci-sticky-ct    elementor-column elementor-col-100 elementor-top-column elementor-element elementor-element-8217672\" data-id=\"8217672\" data-element_type=\"column\" data-e-type=\"column\">\n\t\t\t<div class=\"elementor-widget-wrap elementor-element-populated\">\n\t\t\t\t\t\t<div class=\"elementor-element elementor-element-6d15d82 elementor-widget elementor-widget-penci-fancy_heading\" data-id=\"6d15d82\" data-element_type=\"widget\" data-e-type=\"widget\" data-widget_type=\"penci-fancy_heading.default\">\n\t\t\t\t<div class=\"elementor-widget-container\">\n\t\t\t\t\t\t\t<div class=\"penci-fancy-heading penci-heading-text-left\">\n\t\t\t<div class=\"penci-fancy-heading-inner\">\n\t\t\t\t<h2 class=\"penci-heading-title\"><span class=\"inner-tit\">FAQ - Domande Frequenti<\/span><\/h2><div class=\"penci-heading-content entry-content\"><p>\u25cb D: Cosa rende ISOG INC la scelta migliore per i servizi investigativi privati a Miami?<br \/>\nR: ISOG INC si distingue con una rete globale in grado di condurre investigazioni in oltre 120 paesi, offrendo una competenza senza pari nelle investigazioni legali, aziendali e personali. Il nostro team con sede a Miami offre soluzioni discrete e complete su misura per le esigenze specifiche di ogni cliente.<\/p>\n<p>\u25cb D: ISOG INC pu\u00f2 gestire investigazioni internazionali?<br \/>\n\u25cb A: Assolutamente! ISOG INC \u00e8 specializzata in investigazioni internazionali, sfruttando la nostra vasta rete di partner professionali in pi\u00f9 di 120 paesi per fornire servizi investigativi affidabili ed efficienti, indipendentemente da dove possa portare il tuo caso.<\/p>\n<p>\u25cb D: Che tipi di servizi investigativi offre ISOG INC in Florida?<br \/>\n\u25cb R: I nostri servizi in Florida includono rilevamento di frodi aziendali, controlli dei precedenti personali, indagini informatiche, ricerche di beni, indagini su persone scomparse e indagini su frodi assicurative, il tutto su misura per soddisfare le esigenze specifiche dei nostri clienti.<\/p>\n<p>\u25cb D: In che modo ISOG INC garantisce la riservatezza nelle sue investigazioni?<br \/>\n\u25cb R: In ISOG INC, diamo priorit\u00e0 alla riservatezza del cliente in ogni fase. Il nostro team di esperti utilizza metodi discreti e tecnologia avanzata per proteggere le tue informazioni e mantenere il massimo livello di privacy durante tutto il processo investigativo.<\/p>\n<p>\u25cb D: I vostri investigatori privati hanno la licenza a Miami e in altre parti della Florida?<br \/>\n\u25cb R: S\u00ec, tutti i nostri investigatori privati sono pienamente autorizzati e rispettano le normative locali a Miami e in tutta la Florida. Le qualifiche e le competenze del nostro team garantiscono un servizio professionale e di alta qualit\u00e0 per ogni indagine.<\/p>\n<p>\u25cb D: ISOG INC offre servizi sia a privati che ad aziende a Miami Beach e Broward?<br \/>\n\u25cb R: S\u00ec, ISOG INC si rivolge sia a privati che ad aziende, offrendo una gamma di servizi investigativi, dai controlli dei precedenti personali alle indagini sulle frodi aziendali a Miami Beach, Broward e oltre.<\/p>\n<p>\u25cb D: Qual \u00e8 la procedura per assumere ISOG INC per un'investigazione privata ad Aventura o Pembroke Pines?<br \/>\n\u25cb R: Per assumere ISOG INC, contattaci semplicemente tramite il nostro sito web o per telefono. Pianificheremo una consulenza riservata per comprendere le tue esigenze e consigliarti il miglior approccio investigativo per la tua situazione ad Aventura, Pembroke Pines o qualsiasi altra localit\u00e0.<\/p>\n<p>\u25cb D: Quanto tempo richiede una tipica indagine con ISOG INC in citt\u00e0 come Fort Lauderdale e Davie?<br \/>\n\u25cb R: La durata di un'indagine varia in base alla sua complessit\u00e0 e portata. Tuttavia, ISOG INC si impegna a condurre indagini approfondite ed efficienti, fornendo aggiornamenti e risultati tempestivi ai nostri clienti a Fort Lauderdale, Davie e in tutte le nostre aree di servizio.<\/p>\n<p>\u25cb D: Pu\u00f2 ISOG INC assistere con servizi legali oltre alle indagini a Weston e Aventura?<br \/>\n\u25cb R: S\u00ec, insieme ai nostri servizi investigativi, ISOG INC offre servizi di supporto legale, lavorando a stretto contatto con professionisti legali per assistere i nostri clienti a Weston, Aventura e a livello internazionale con qualsiasi sfida legale che potrebbero dover affrontare.<\/p>\n<p>\u25cb D: Cosa distingue ISOG INC dalle altre agenzie investigative private in Florida?<br \/>\n\u25cb R: Ci\u00f2 che distingue ISOG INC \u00e8 la nostra portata globale con la capacit\u00e0 di condurre indagini in oltre 120 paesi, combinata con la nostra esperienza locale in Florida. Il nostro impegno per la riservatezza, la precisione e la soddisfazione del cliente ci rende leader nel settore.<\/p>\n<\/div>\t\t\t<\/div>\n\t\t<\/div>\n\t\t\t\t\t\t<\/div>\n\t\t\t\t<\/div>\n\t\t\t\t\t<\/div>\n\t\t<\/div>\n\t\t\t\t\t<\/div>\n\t\t<\/section>\n\t\t\t\t<section class=\"penci-section penci-dmcheck penci-elbg-activate penci-disSticky penci-structure-30 elementor-section elementor-top-section elementor-element elementor-element-12eecc3c elementor-section-stretched elementor-section-boxed elementor-section-height-default elementor-section-height-default\" data-id=\"12eecc3c\" data-element_type=\"section\" data-e-type=\"section\" data-settings=\"{&quot;stretch_section&quot;:&quot;section-stretched&quot;,&quot;background_background&quot;:&quot;classic&quot;}\">\n\t\t\t\t\t\t<div class=\"elementor-container elementor-column-gap-wider\">\n\t\t\t\t\t<div class=\"penci-ercol-33 penci-ercol-order-1 penci-sticky-sb penci-sidebarSC   elementor-column elementor-col-33 elementor-top-column elementor-element elementor-element-2bf7bc57\" data-id=\"2bf7bc57\" data-element_type=\"column\" data-e-type=\"column\">\n\t\t\t<div class=\"elementor-widget-wrap elementor-element-populated\">\n\t\t\t\t\t\t<div class=\"elementor-element elementor-element-318ab0c4 elementor-widget elementor-widget-penci-fancy_heading\" data-id=\"318ab0c4\" data-element_type=\"widget\" data-e-type=\"widget\" data-widget_type=\"penci-fancy_heading.default\">\n\t\t\t\t<div class=\"elementor-widget-container\">\n\t\t\t\t\t\t\t<div class=\"penci-fancy-heading penci-heading-text-left\">\n\t\t\t<div class=\"penci-fancy-heading-inner\">\n\t\t\t\t<h2 class=\"penci-heading-title\"><span class=\"inner-tit\">Contattaci<\/span><\/h2>\t\t\t<\/div>\n\t\t<\/div>\n\t\t\t\t\t\t<\/div>\n\t\t\t\t<\/div>\n\t\t\t\t\t<\/div>\n\t\t<\/div>\n\t\t\t\t<div class=\"penci-ercol-33 penci-ercol-order-2 penci-sticky-sb penci-sidebarSC   elementor-column elementor-col-33 elementor-top-column elementor-element elementor-element-62a46b9c\" data-id=\"62a46b9c\" data-element_type=\"column\" data-e-type=\"column\">\n\t\t\t<div class=\"elementor-widget-wrap\">\n\t\t\t\t\t\t\t<\/div>\n\t\t<\/div>\n\t\t\t\t<div class=\"penci-ercol-33 penci-ercol-order-3 penci-sticky-sb penci-sidebarSC   elementor-column elementor-col-33 elementor-top-column elementor-element elementor-element-65c59753\" data-id=\"65c59753\" data-element_type=\"column\" data-e-type=\"column\">\n\t\t\t<div class=\"elementor-widget-wrap elementor-element-populated\">\n\t\t\t\t\t\t<section class=\"penci-section penci-disSticky penci-structure-30 elementor-section elementor-inner-section elementor-element elementor-element-44bfa547 elementor-section-boxed elementor-section-height-default elementor-section-height-default\" data-id=\"44bfa547\" data-element_type=\"section\" data-e-type=\"section\">\n\t\t\t\t\t\t<div class=\"elementor-container elementor-column-gap-default\">\n\t\t\t\t\t<div class=\"penci-ercol-33 penci-ercol-order-1 penci-sticky-sb penci-sidebarSC   elementor-column elementor-col-33 elementor-inner-column elementor-element elementor-element-59613e6c\" data-id=\"59613e6c\" data-element_type=\"column\" data-e-type=\"column\">\n\t\t\t<div class=\"elementor-widget-wrap\">\n\t\t\t\t\t\t\t<\/div>\n\t\t<\/div>\n\t\t\t\t<div class=\"penci-ercol-33 penci-ercol-order-2 penci-sticky-sb penci-sidebarSC   elementor-column elementor-col-33 elementor-inner-column elementor-element elementor-element-720d0c1\" data-id=\"720d0c1\" data-element_type=\"column\" data-e-type=\"column\">\n\t\t\t<div class=\"elementor-widget-wrap elementor-element-populated\">\n\t\t\t\t\t\t<div class=\"elementor-element elementor-element-1e316895 elementor-align-right elementor-mobile-align-center elementor-widget elementor-widget-button\" data-id=\"1e316895\" data-element_type=\"widget\" data-e-type=\"widget\" data-widget_type=\"button.default\">\n\t\t\t\t<div class=\"elementor-widget-container\">\n\t\t\t\t\t\t\t\t\t<div class=\"elementor-button-wrapper\">\n\t\t\t\t\t<a class=\"elementor-button elementor-button-link elementor-size-md\" href=\"https:\/\/isog.org\/it\/contattaci\">\n\t\t\t\t\t\t<span class=\"elementor-button-content-wrapper\">\n\t\t\t\t\t\t<span class=\"elementor-button-icon\">\n\t\t\t\t<i aria-hidden=\"true\" class=\"far fa-envelope\"><\/i>\t\t\t<\/span>\n\t\t\t\t\t\t\t\t\t<span class=\"elementor-button-text\">Contattaci <\/span>\n\t\t\t\t\t<\/span>\n\t\t\t\t\t<\/a>\n\t\t\t\t<\/div>\n\t\t\t\t\t\t\t\t<\/div>\n\t\t\t\t<\/div>\n\t\t\t\t\t<\/div>\n\t\t<\/div>\n\t\t\t\t<div class=\"penci-ercol-33 penci-ercol-order-3 penci-sticky-sb penci-sidebarSC   elementor-column elementor-col-33 elementor-inner-column elementor-element elementor-element-35a0461a\" data-id=\"35a0461a\" data-element_type=\"column\" data-e-type=\"column\">\n\t\t\t<div class=\"elementor-widget-wrap elementor-element-populated\">\n\t\t\t\t\t\t<div class=\"elementor-element elementor-element-564b64b4 elementor-align-right elementor-mobile-align-center elementor-widget elementor-widget-button\" data-id=\"564b64b4\" data-element_type=\"widget\" data-e-type=\"widget\" data-widget_type=\"button.default\">\n\t\t\t\t<div class=\"elementor-widget-container\">\n\t\t\t\t\t\t\t\t\t<div class=\"elementor-button-wrapper\">\n\t\t\t\t\t<a class=\"elementor-button elementor-button-link elementor-size-md\" href=\"https:\/\/api.whatsapp.com\/send\/?phone=13054002066&#038;text&#038;app_absent=0\" target=\"_blank\">\n\t\t\t\t\t\t<span class=\"elementor-button-content-wrapper\">\n\t\t\t\t\t\t<span class=\"elementor-button-icon\">\n\t\t\t\t<i aria-hidden=\"true\" class=\"fab fa-whatsapp\"><\/i>\t\t\t<\/span>\n\t\t\t\t\t\t\t\t\t<span class=\"elementor-button-text\">Whatsapp<\/span>\n\t\t\t\t\t<\/span>\n\t\t\t\t\t<\/a>\n\t\t\t\t<\/div>\n\t\t\t\t\t\t\t\t<\/div>\n\t\t\t\t<\/div>\n\t\t\t\t\t<\/div>\n\t\t<\/div>\n\t\t\t\t\t<\/div>\n\t\t<\/section>\n\t\t\t\t\t<\/div>\n\t\t<\/div>\n\t\t\t\t\t<\/div>\n\t\t<\/section>\n\t\t\t\t<\/div>\n\t\t","protected":false},"excerpt":{"rendered":"<p>FAQ &#8211; Domande Frequenti FAQ &#8211; Domande Frequenti \u25cb D: Cosa rende ISOG INC la&hellip;<\/p>\n","protected":false},"author":1,"featured_media":0,"parent":0,"menu_order":0,"comment_status":"closed","ping_status":"closed","template":"page-fullwidth.php","meta":{"_lmt_disableupdate":"","_lmt_disable":"","footnotes":""},"class_list":["post-37971","page","type-page","status-publish","hentry"],"yoast_head":"<!-- This site is optimized with the Yoast SEO Premium plugin v27.3 (Yoast SEO v27.3) - https:\/\/yoast.com\/product\/yoast-seo-premium-wordpress\/ -->\n<title>FAQ - Domande Frequenti - ISOG<\/title>\n<meta name=\"description\" content=\"FAQ - Le domande frequenti aiuteranno i clienti a capire cosa ISOG pu\u00f2 offrire e cosa possono aspettarsi dai servizi offerti da ISOG.\" \/>\n<meta name=\"robots\" content=\"index, follow, max-snippet:-1, max-image-preview:large, max-video-preview:-1\" \/>\n<link rel=\"canonical\" href=\"https:\/\/isog.org\/it\/faq-domande-frequenti\/\" \/>\n<meta property=\"og:locale\" content=\"it_IT\" \/>\n<meta property=\"og:type\" content=\"article\" \/>\n<meta property=\"og:title\" content=\"FAQ - Domande Frequenti\" \/>\n<meta property=\"og:description\" content=\"FAQ - Le domande frequenti aiuteranno i clienti a capire cosa ISOG pu\u00f2 offrire e cosa possono aspettarsi dai servizi offerti da ISOG.\" \/>\n<meta property=\"og:url\" content=\"https:\/\/isog.org\/it\/faq-domande-frequenti\/\" \/>\n<meta property=\"og:site_name\" content=\"ISOG\" \/>\n<meta property=\"article:publisher\" content=\"https:\/\/www.facebook.com\/ISOG.WORLDWIDE\/\" \/>\n<meta property=\"article:modified_time\" content=\"2024-04-08T23:05:46+00:00\" \/>\n<meta name=\"twitter:card\" content=\"summary_large_image\" \/>\n<meta name=\"twitter:label1\" content=\"Tempo di lettura stimato\" \/>\n\t<meta name=\"twitter:data1\" content=\"3 minuti\" \/>\n<script type=\"application\/ld+json\" class=\"yoast-schema-graph\">{\"@context\":\"https:\\\/\\\/schema.org\",\"@graph\":[{\"@type\":\"WebPage\",\"@id\":\"https:\\\/\\\/isog.org\\\/it\\\/faq-domande-frequenti\\\/\",\"url\":\"https:\\\/\\\/isog.org\\\/it\\\/faq-domande-frequenti\\\/\",\"name\":\"FAQ - Domande Frequenti - ISOG\",\"isPartOf\":{\"@id\":\"https:\\\/\\\/isog.org\\\/es\\\/#website\"},\"datePublished\":\"2024-04-08T21:11:07+00:00\",\"dateModified\":\"2024-04-08T23:05:46+00:00\",\"description\":\"FAQ - Le domande frequenti aiuteranno i clienti a capire cosa ISOG pu\u00f2 offrire e cosa possono aspettarsi dai servizi offerti da ISOG.\",\"breadcrumb\":{\"@id\":\"https:\\\/\\\/isog.org\\\/it\\\/faq-domande-frequenti\\\/#breadcrumb\"},\"inLanguage\":\"it-IT\",\"potentialAction\":[{\"@type\":\"ReadAction\",\"target\":[\"https:\\\/\\\/isog.org\\\/it\\\/faq-domande-frequenti\\\/\"]}]},{\"@type\":\"BreadcrumbList\",\"@id\":\"https:\\\/\\\/isog.org\\\/it\\\/faq-domande-frequenti\\\/#breadcrumb\",\"itemListElement\":[{\"@type\":\"ListItem\",\"position\":1,\"name\":\"Home\",\"item\":\"https:\\\/\\\/isog.org\\\/it\\\/\"},{\"@type\":\"ListItem\",\"position\":2,\"name\":\"FAQ &#8211; Domande Frequenti\"}]},{\"@type\":\"WebSite\",\"@id\":\"https:\\\/\\\/isog.org\\\/es\\\/#website\",\"url\":\"https:\\\/\\\/isog.org\\\/es\\\/\",\"name\":\"ISOG\",\"description\":\"Private Investigator, Private Detective, Investigatore Privato, Cryptocurrency, Criptomonedas, Criptovalute, Risk Management, Lawyers, Financial Fraud, Offshore Companies, Offshore Bank Account\",\"publisher\":{\"@id\":\"https:\\\/\\\/isog.org\\\/es\\\/#organization\"},\"potentialAction\":[{\"@type\":\"SearchAction\",\"target\":{\"@type\":\"EntryPoint\",\"urlTemplate\":\"https:\\\/\\\/isog.org\\\/es\\\/?s={search_term_string}\"},\"query-input\":{\"@type\":\"PropertyValueSpecification\",\"valueRequired\":true,\"valueName\":\"search_term_string\"}}],\"inLanguage\":\"it-IT\"},{\"@type\":\"Organization\",\"@id\":\"https:\\\/\\\/isog.org\\\/es\\\/#organization\",\"name\":\"ISOG\",\"url\":\"https:\\\/\\\/isog.org\\\/es\\\/\",\"logo\":{\"@type\":\"ImageObject\",\"inLanguage\":\"it-IT\",\"@id\":\"https:\\\/\\\/isog.org\\\/es\\\/#\\\/schema\\\/logo\\\/image\\\/\",\"url\":\"https:\\\/\\\/isog.org\\\/wp-content\\\/uploads\\\/2021\\\/05\\\/ISOG-LOGO-NO-WHITE-80.png\",\"contentUrl\":\"https:\\\/\\\/isog.org\\\/wp-content\\\/uploads\\\/2021\\\/05\\\/ISOG-LOGO-NO-WHITE-80.png\",\"width\":76,\"height\":80,\"caption\":\"ISOG\"},\"image\":{\"@id\":\"https:\\\/\\\/isog.org\\\/es\\\/#\\\/schema\\\/logo\\\/image\\\/\"},\"sameAs\":[\"https:\\\/\\\/www.facebook.com\\\/ISOG.WORLDWIDE\\\/\",\"https:\\\/\\\/www.instagram.com\\\/isogpanama\\\/\",\"https:\\\/\\\/www.linkedin.com\\\/company\\\/isog-inc-isog-law-firm\\\/\",\"https:\\\/\\\/www.pinterest.com\\\/ISOGINC\\\/\",\"https:\\\/\\\/www.youtube.com\\\/user\\\/isoginc\"]}]}<\/script>\n<!-- \/ Yoast SEO Premium plugin. -->","yoast_head_json":{"title":"FAQ - Domande Frequenti - ISOG","description":"FAQ - Le domande frequenti aiuteranno i clienti a capire cosa ISOG pu\u00f2 offrire e cosa possono aspettarsi dai servizi offerti da ISOG.","robots":{"index":"index","follow":"follow","max-snippet":"max-snippet:-1","max-image-preview":"max-image-preview:large","max-video-preview":"max-video-preview:-1"},"canonical":"https:\/\/isog.org\/it\/faq-domande-frequenti\/","og_locale":"it_IT","og_type":"article","og_title":"FAQ - Domande Frequenti","og_description":"FAQ - Le domande frequenti aiuteranno i clienti a capire cosa ISOG pu\u00f2 offrire e cosa possono aspettarsi dai servizi offerti da ISOG.","og_url":"https:\/\/isog.org\/it\/faq-domande-frequenti\/","og_site_name":"ISOG","article_publisher":"https:\/\/www.facebook.com\/ISOG.WORLDWIDE\/","article_modified_time":"2024-04-08T23:05:46+00:00","twitter_card":"summary_large_image","twitter_misc":{"Tempo di lettura stimato":"3 minuti"},"schema":{"@context":"https:\/\/schema.org","@graph":[{"@type":"WebPage","@id":"https:\/\/isog.org\/it\/faq-domande-frequenti\/","url":"https:\/\/isog.org\/it\/faq-domande-frequenti\/","name":"FAQ - Domande Frequenti - ISOG","isPartOf":{"@id":"https:\/\/isog.org\/es\/#website"},"datePublished":"2024-04-08T21:11:07+00:00","dateModified":"2024-04-08T23:05:46+00:00","description":"FAQ - Le domande frequenti aiuteranno i clienti a capire cosa ISOG pu\u00f2 offrire e cosa possono aspettarsi dai servizi offerti da ISOG.","breadcrumb":{"@id":"https:\/\/isog.org\/it\/faq-domande-frequenti\/#breadcrumb"},"inLanguage":"it-IT","potentialAction":[{"@type":"ReadAction","target":["https:\/\/isog.org\/it\/faq-domande-frequenti\/"]}]},{"@type":"BreadcrumbList","@id":"https:\/\/isog.org\/it\/faq-domande-frequenti\/#breadcrumb","itemListElement":[{"@type":"ListItem","position":1,"name":"Home","item":"https:\/\/isog.org\/it\/"},{"@type":"ListItem","position":2,"name":"FAQ &#8211; Domande Frequenti"}]},{"@type":"WebSite","@id":"https:\/\/isog.org\/es\/#website","url":"https:\/\/isog.org\/es\/","name":"ISOG","description":"Private Investigator, Private Detective, Investigatore Privato, Cryptocurrency, Criptomonedas, Criptovalute, Risk Management, Lawyers, Financial Fraud, Offshore Companies, Offshore Bank Account","publisher":{"@id":"https:\/\/isog.org\/es\/#organization"},"potentialAction":[{"@type":"SearchAction","target":{"@type":"EntryPoint","urlTemplate":"https:\/\/isog.org\/es\/?s={search_term_string}"},"query-input":{"@type":"PropertyValueSpecification","valueRequired":true,"valueName":"search_term_string"}}],"inLanguage":"it-IT"},{"@type":"Organization","@id":"https:\/\/isog.org\/es\/#organization","name":"ISOG","url":"https:\/\/isog.org\/es\/","logo":{"@type":"ImageObject","inLanguage":"it-IT","@id":"https:\/\/isog.org\/es\/#\/schema\/logo\/image\/","url":"https:\/\/isog.org\/wp-content\/uploads\/2021\/05\/ISOG-LOGO-NO-WHITE-80.png","contentUrl":"https:\/\/isog.org\/wp-content\/uploads\/2021\/05\/ISOG-LOGO-NO-WHITE-80.png","width":76,"height":80,"caption":"ISOG"},"image":{"@id":"https:\/\/isog.org\/es\/#\/schema\/logo\/image\/"},"sameAs":["https:\/\/www.facebook.com\/ISOG.WORLDWIDE\/","https:\/\/www.instagram.com\/isogpanama\/","https:\/\/www.linkedin.com\/company\/isog-inc-isog-law-firm\/","https:\/\/www.pinterest.com\/ISOGINC\/","https:\/\/www.youtube.com\/user\/isoginc"]}]}},"_links":{"self":[{"href":"https:\/\/isog.org\/it\/wp-json\/wp\/v2\/pages\/37971","targetHints":{"allow":["GET"]}}],"collection":[{"href":"https:\/\/isog.org\/it\/wp-json\/wp\/v2\/pages"}],"about":[{"href":"https:\/\/isog.org\/it\/wp-json\/wp\/v2\/types\/page"}],"author":[{"embeddable":true,"href":"https:\/\/isog.org\/it\/wp-json\/wp\/v2\/users\/1"}],"replies":[{"embeddable":true,"href":"https:\/\/isog.org\/it\/wp-json\/wp\/v2\/comments?post=37971"}],"version-history":[{"count":15,"href":"https:\/\/isog.org\/it\/wp-json\/wp\/v2\/pages\/37971\/revisions"}],"predecessor-version":[{"id":37988,"href":"https:\/\/isog.org\/it\/wp-json\/wp\/v2\/pages\/37971\/revisions\/37988"}],"wp:attachment":[{"href":"https:\/\/isog.org\/it\/wp-json\/wp\/v2\/media?parent=37971"}],"curies":[{"name":"wp","href":"https:\/\/api.w.org\/{rel}","templated":true}]}}