{"id":37955,"date":"2024-04-08T17:11:07","date_gmt":"2024-04-08T21:11:07","guid":{"rendered":"https:\/\/isog.org\/?page_id=37955"},"modified":"2024-04-08T18:49:47","modified_gmt":"2024-04-08T22:49:47","slug":"faq-preguntas-mas-frecuentes","status":"publish","type":"page","link":"https:\/\/isog.org\/es\/faq-preguntas-mas-frecuentes\/","title":{"rendered":"FAQ &#8211; Preguntas M\u00e1s Frecuentes"},"content":{"rendered":"\t\t<div data-elementor-type=\"wp-page\" data-elementor-id=\"37955\" class=\"elementor elementor-37955 elementor-37935\" data-elementor-post-type=\"page\">\n\t\t\t\t\t\t<section class=\"penci-section penci-dmcheck penci-elbg-activate penci-elbg-img penci-disSticky penci-structure-10 elementor-section elementor-top-section elementor-element elementor-element-e67d0d3 elementor-section-boxed elementor-section-height-default elementor-section-height-default\" data-id=\"e67d0d3\" data-element_type=\"section\" data-e-type=\"section\" data-settings=\"{&quot;background_background&quot;:&quot;classic&quot;}\">\n\t\t\t\t\t\t<div class=\"elementor-container elementor-column-gap-no\">\n\t\t\t\t\t<div class=\"penci-ercol-100 penci-ercol-order-1 penci-sticky-ct    elementor-column elementor-col-100 elementor-top-column elementor-element elementor-element-0996adf\" data-id=\"0996adf\" data-element_type=\"column\" data-e-type=\"column\">\n\t\t\t<div class=\"elementor-widget-wrap elementor-element-populated\">\n\t\t\t\t\t\t<div class=\"elementor-element elementor-element-d3ed115 elementor-widget elementor-widget-penci-fancy_heading\" data-id=\"d3ed115\" data-element_type=\"widget\" data-e-type=\"widget\" data-widget_type=\"penci-fancy_heading.default\">\n\t\t\t\t<div class=\"elementor-widget-container\">\n\t\t\t\t\t\t\t<div class=\"penci-fancy-heading penci-heading-text-left\">\n\t\t\t<div class=\"penci-fancy-heading-inner\">\n\t\t\t\t<h2 class=\"penci-heading-title\"><span class=\"inner-tit\">FAQ - Preguntas M\u00e1s Frecuentes<\/span><\/h2>\t\t\t<\/div>\n\t\t<\/div>\n\t\t\t\t\t\t<\/div>\n\t\t\t\t<\/div>\n\t\t\t\t\t<\/div>\n\t\t<\/div>\n\t\t\t\t\t<\/div>\n\t\t<\/section>\n\t\t\t\t<section class=\"penci-section penci-disSticky penci-structure-10 elementor-section elementor-top-section elementor-element elementor-element-818a2f8 elementor-section-boxed elementor-section-height-default elementor-section-height-default\" data-id=\"818a2f8\" data-element_type=\"section\" data-e-type=\"section\">\n\t\t\t\t\t\t<div class=\"elementor-container elementor-column-gap-default\">\n\t\t\t\t\t<div class=\"penci-ercol-100 penci-ercol-order-1 penci-sticky-ct    elementor-column elementor-col-100 elementor-top-column elementor-element elementor-element-fa99b5d\" data-id=\"fa99b5d\" data-element_type=\"column\" data-e-type=\"column\">\n\t\t\t<div class=\"elementor-widget-wrap\">\n\t\t\t\t\t\t\t<\/div>\n\t\t<\/div>\n\t\t\t\t\t<\/div>\n\t\t<\/section>\n\t\t\t\t<section class=\"penci-section penci-disSticky penci-structure-10 elementor-section elementor-top-section elementor-element elementor-element-f8c986d elementor-section-boxed elementor-section-height-default elementor-section-height-default\" data-id=\"f8c986d\" data-element_type=\"section\" data-e-type=\"section\">\n\t\t\t\t\t\t<div class=\"elementor-container elementor-column-gap-no\">\n\t\t\t\t\t<div class=\"penci-ercol-100 penci-ercol-order-1 penci-sticky-ct    elementor-column elementor-col-100 elementor-top-column elementor-element elementor-element-8217672\" data-id=\"8217672\" data-element_type=\"column\" data-e-type=\"column\">\n\t\t\t<div class=\"elementor-widget-wrap elementor-element-populated\">\n\t\t\t\t\t\t<div class=\"elementor-element elementor-element-6d15d82 elementor-widget elementor-widget-penci-fancy_heading\" data-id=\"6d15d82\" data-element_type=\"widget\" data-e-type=\"widget\" data-widget_type=\"penci-fancy_heading.default\">\n\t\t\t\t<div class=\"elementor-widget-container\">\n\t\t\t\t\t\t\t<div class=\"penci-fancy-heading penci-heading-text-left\">\n\t\t\t<div class=\"penci-fancy-heading-inner\">\n\t\t\t\t<h2 class=\"penci-heading-title\"><span class=\"inner-tit\">FAQ - Preguntas M\u00e1s Frecuentes<\/span><\/h2><div class=\"penci-heading-content entry-content\"><p>\u25cb P: \u00bfQu\u00e9 hace que ISOG INC sea la mejor opci\u00f3n para servicios de investigaci\u00f3n privada en Miami?<br \/>\nR: ISOG INC se distingue por una red global capaz de realizar investigaciones en m\u00e1s de 120 pa\u00edses, ofreciendo experiencia incomparable en investigaciones legales, corporativas y personales. Nuestro equipo con sede en Miami ofrece soluciones discretas e integrales adaptadas a las necesidades \u00fanicas de cada cliente.<\/p>\n<p>\u25cb P: \u00bfPuede ISOG INC manejar investigaciones internacionales?<br \/>\n\u25cb R: \u00a1Absolutamente! ISOG INC se especializa en investigaciones internacionales, aprovechando nuestra extensa red de socios profesionales en m\u00e1s de 120 pa\u00edses para brindar servicios de investigaci\u00f3n confiables y eficientes, sin importar ad\u00f3nde conduzca su caso.<\/p>\n<p>\u25cb P: \u00bfQu\u00e9 tipos de servicios de investigaci\u00f3n ofrece ISOG INC en Florida?<br \/>\n\u25cb R: Nuestros servicios en Florida incluyen detecci\u00f3n de fraude corporativo, verificaci\u00f3n de antecedentes personales, investigaciones cibern\u00e9ticas, b\u00fasqueda de activos, investigaciones de personas desaparecidas e investigaciones de fraude de seguros, todo dise\u00f1ado para cumplir con los requisitos espec\u00edficos de nuestros clientes.<\/p>\n<p>\u25cb P: \u00bfC\u00f3mo garantiza ISOG INC la confidencialidad en sus investigaciones?<br \/>\n\u25cb R: En ISOG INC, priorizamos la confidencialidad del cliente en cada paso. Nuestro equipo de expertos emplea m\u00e9todos discretos y tecnolog\u00eda avanzada para proteger su informaci\u00f3n y mantener el m\u00e1s alto nivel de privacidad durante todo el proceso de investigaci\u00f3n.<\/p>\n<p>\u25cb P: \u00bfSus investigadores privados tienen licencia en Miami y otras partes de Florida?<br \/>\n\u25cb R: S\u00ed, todos nuestros investigadores privados tienen licencia completa y cumplen con las regulaciones locales en Miami y en toda Florida. Las calificaciones y experiencia de nuestro equipo garantizan un servicio profesional y de alta calidad para cada investigaci\u00f3n.<\/p>\n<p>\u25cb P: \u00bfISOG INC ofrece servicios tanto a individuos como a empresas en Miami Beach y Broward?<br \/>\n\u25cb R: S\u00ed, ISOG INC atiende tanto a individuos como a empresas y ofrece una variedad de servicios de investigaci\u00f3n, desde verificaciones de antecedentes personales hasta investigaciones de fraude corporativo en Miami Beach, Broward y m\u00e1s all\u00e1.<\/p>\n<p>\u25cb P: \u00bfCu\u00e1l es el proceso para contratar a ISOG INC para una investigaci\u00f3n privada en Aventura o Pembroke Pines?<br \/>\n\u25cb R: Para contratar ISOG INC, simplemente cont\u00e1ctenos a trav\u00e9s de nuestro sitio web o por tel\u00e9fono. Programaremos una consulta confidencial para comprender sus necesidades y recomendar el mejor enfoque de investigaci\u00f3n para su situaci\u00f3n en Aventura, Pembroke Pines o cualquier otro lugar.<\/p>\n<p>\u25cb P: \u00bfCu\u00e1nto tiempo lleva una investigaci\u00f3n t\u00edpica con ISOG INC en ciudades como Fort Lauderdale y Davie?<br \/>\n\u25cb R: La duraci\u00f3n de una investigaci\u00f3n var\u00eda seg\u00fan su complejidad y alcance. Sin embargo, ISOG INC se compromete a realizar investigaciones exhaustivas y eficientes, proporcionando actualizaciones y resultados oportunos a nuestros clientes en Fort Lauderdale, Davie y en todas nuestras \u00e1reas de servicio.<\/p>\n<p>\u25cb P: \u00bfPuede ISOG INC ayudar con servicios legales adem\u00e1s de las investigaciones en Weston y Aventura?<br \/>\n\u25cb R: S\u00ed, adem\u00e1s de nuestros servicios de investigaci\u00f3n, ISOG INC ofrece servicios de apoyo legal, trabajando en estrecha colaboraci\u00f3n con profesionales legales para ayudar a nuestros clientes en Weston, Aventura e internacionalmente con cualquier desaf\u00edo legal que puedan enfrentar.<\/p>\n<p>\u25cb P: \u00bfQu\u00e9 diferencia a ISOG INC de otras agencias de detectives privados en Florida?<br \/>\n\u25cb R: Lo que distingue a ISOG INC es nuestro alcance global con la capacidad de realizar investigaciones en m\u00e1s de 120 pa\u00edses, combinado con nuestra experiencia local en Florida. Nuestro compromiso con la confidencialidad, la precisi\u00f3n y la satisfacci\u00f3n del cliente nos convierte en l\u00edderes en la industria.<\/p>\n<\/div>\t\t\t<\/div>\n\t\t<\/div>\n\t\t\t\t\t\t<\/div>\n\t\t\t\t<\/div>\n\t\t\t\t\t<\/div>\n\t\t<\/div>\n\t\t\t\t\t<\/div>\n\t\t<\/section>\n\t\t\t\t<section class=\"penci-section penci-dmcheck penci-elbg-activate penci-disSticky penci-structure-30 elementor-section elementor-top-section elementor-element elementor-element-79e75a34 elementor-section-stretched elementor-section-boxed elementor-section-height-default elementor-section-height-default\" data-id=\"79e75a34\" data-element_type=\"section\" data-e-type=\"section\" data-settings=\"{&quot;stretch_section&quot;:&quot;section-stretched&quot;,&quot;background_background&quot;:&quot;classic&quot;}\">\n\t\t\t\t\t\t<div class=\"elementor-container elementor-column-gap-wider\">\n\t\t\t\t\t<div class=\"penci-ercol-33 penci-ercol-order-1 penci-sticky-sb penci-sidebarSC   elementor-column elementor-col-33 elementor-top-column elementor-element elementor-element-eb51e7\" data-id=\"eb51e7\" data-element_type=\"column\" data-e-type=\"column\">\n\t\t\t<div class=\"elementor-widget-wrap elementor-element-populated\">\n\t\t\t\t\t\t<div class=\"elementor-element elementor-element-35a8f7aa elementor-widget elementor-widget-penci-fancy_heading\" data-id=\"35a8f7aa\" data-element_type=\"widget\" data-e-type=\"widget\" data-widget_type=\"penci-fancy_heading.default\">\n\t\t\t\t<div class=\"elementor-widget-container\">\n\t\t\t\t\t\t\t<div class=\"penci-fancy-heading penci-heading-text-left\">\n\t\t\t<div class=\"penci-fancy-heading-inner\">\n\t\t\t\t<h2 class=\"penci-heading-title\"><span class=\"inner-tit\">Contactenos<\/span><\/h2>\t\t\t<\/div>\n\t\t<\/div>\n\t\t\t\t\t\t<\/div>\n\t\t\t\t<\/div>\n\t\t\t\t\t<\/div>\n\t\t<\/div>\n\t\t\t\t<div class=\"penci-ercol-33 penci-ercol-order-2 penci-sticky-sb penci-sidebarSC   elementor-column elementor-col-33 elementor-top-column elementor-element elementor-element-2b05a6c6\" data-id=\"2b05a6c6\" data-element_type=\"column\" data-e-type=\"column\">\n\t\t\t<div class=\"elementor-widget-wrap\">\n\t\t\t\t\t\t\t<\/div>\n\t\t<\/div>\n\t\t\t\t<div class=\"penci-ercol-33 penci-ercol-order-3 penci-sticky-sb penci-sidebarSC   elementor-column elementor-col-33 elementor-top-column elementor-element elementor-element-6580b53\" data-id=\"6580b53\" data-element_type=\"column\" data-e-type=\"column\">\n\t\t\t<div class=\"elementor-widget-wrap elementor-element-populated\">\n\t\t\t\t\t\t<section class=\"penci-section penci-disSticky penci-structure-30 elementor-section elementor-inner-section elementor-element elementor-element-5a33656d elementor-section-boxed elementor-section-height-default elementor-section-height-default\" data-id=\"5a33656d\" data-element_type=\"section\" data-e-type=\"section\">\n\t\t\t\t\t\t<div class=\"elementor-container elementor-column-gap-default\">\n\t\t\t\t\t<div class=\"penci-ercol-33 penci-ercol-order-1 penci-sticky-sb penci-sidebarSC   elementor-column elementor-col-33 elementor-inner-column elementor-element elementor-element-4c42d52b\" data-id=\"4c42d52b\" data-element_type=\"column\" data-e-type=\"column\">\n\t\t\t<div class=\"elementor-widget-wrap\">\n\t\t\t\t\t\t\t<\/div>\n\t\t<\/div>\n\t\t\t\t<div class=\"penci-ercol-33 penci-ercol-order-2 penci-sticky-sb penci-sidebarSC   elementor-column elementor-col-33 elementor-inner-column elementor-element elementor-element-1d8ebee1\" data-id=\"1d8ebee1\" data-element_type=\"column\" data-e-type=\"column\">\n\t\t\t<div class=\"elementor-widget-wrap elementor-element-populated\">\n\t\t\t\t\t\t<div class=\"elementor-element elementor-element-216f0834 elementor-align-right elementor-mobile-align-center elementor-widget elementor-widget-button\" data-id=\"216f0834\" data-element_type=\"widget\" data-e-type=\"widget\" data-widget_type=\"button.default\">\n\t\t\t\t<div class=\"elementor-widget-container\">\n\t\t\t\t\t\t\t\t\t<div class=\"elementor-button-wrapper\">\n\t\t\t\t\t<a class=\"elementor-button elementor-button-link elementor-size-md\" href=\"https:\/\/isog.org\/es\/contactenos\">\n\t\t\t\t\t\t<span class=\"elementor-button-content-wrapper\">\n\t\t\t\t\t\t<span class=\"elementor-button-icon\">\n\t\t\t\t<i aria-hidden=\"true\" class=\"far fa-envelope\"><\/i>\t\t\t<\/span>\n\t\t\t\t\t\t\t\t\t<span class=\"elementor-button-text\">Contactenos   <\/span>\n\t\t\t\t\t<\/span>\n\t\t\t\t\t<\/a>\n\t\t\t\t<\/div>\n\t\t\t\t\t\t\t\t<\/div>\n\t\t\t\t<\/div>\n\t\t\t\t\t<\/div>\n\t\t<\/div>\n\t\t\t\t<div class=\"penci-ercol-33 penci-ercol-order-3 penci-sticky-sb penci-sidebarSC   elementor-column elementor-col-33 elementor-inner-column elementor-element elementor-element-2695a6df\" data-id=\"2695a6df\" data-element_type=\"column\" data-e-type=\"column\">\n\t\t\t<div class=\"elementor-widget-wrap elementor-element-populated\">\n\t\t\t\t\t\t<div class=\"elementor-element elementor-element-686bfa8f elementor-align-right elementor-mobile-align-center elementor-widget elementor-widget-button\" data-id=\"686bfa8f\" data-element_type=\"widget\" data-e-type=\"widget\" data-widget_type=\"button.default\">\n\t\t\t\t<div class=\"elementor-widget-container\">\n\t\t\t\t\t\t\t\t\t<div class=\"elementor-button-wrapper\">\n\t\t\t\t\t<a class=\"elementor-button elementor-button-link elementor-size-md\" href=\"https:\/\/api.whatsapp.com\/send\/?phone=13054002066&#038;text&#038;app_absent=0\" target=\"_blank\">\n\t\t\t\t\t\t<span class=\"elementor-button-content-wrapper\">\n\t\t\t\t\t\t<span class=\"elementor-button-icon\">\n\t\t\t\t<i aria-hidden=\"true\" class=\"fab fa-whatsapp\"><\/i>\t\t\t<\/span>\n\t\t\t\t\t\t\t\t\t<span class=\"elementor-button-text\">Whatsapp<\/span>\n\t\t\t\t\t<\/span>\n\t\t\t\t\t<\/a>\n\t\t\t\t<\/div>\n\t\t\t\t\t\t\t\t<\/div>\n\t\t\t\t<\/div>\n\t\t\t\t\t<\/div>\n\t\t<\/div>\n\t\t\t\t\t<\/div>\n\t\t<\/section>\n\t\t\t\t\t<\/div>\n\t\t<\/div>\n\t\t\t\t\t<\/div>\n\t\t<\/section>\n\t\t\t\t<\/div>\n\t\t","protected":false},"excerpt":{"rendered":"<p>FAQ &#8211; Preguntas M\u00e1s Frecuentes FAQ &#8211; Preguntas M\u00e1s Frecuentes \u25cb P: \u00bfQu\u00e9 hace que&hellip;<\/p>\n","protected":false},"author":1,"featured_media":0,"parent":0,"menu_order":0,"comment_status":"closed","ping_status":"closed","template":"page-fullwidth.php","meta":{"_lmt_disableupdate":"","_lmt_disable":"","footnotes":""},"class_list":["post-37955","page","type-page","status-publish","hentry"],"yoast_head":"<!-- This site is optimized with the Yoast SEO Premium plugin v27.3 (Yoast SEO v27.3) - https:\/\/yoast.com\/product\/yoast-seo-premium-wordpress\/ -->\n<title>FAQ - Preguntas M\u00e1s Frecuentes - ISOG<\/title>\n<meta name=\"description\" content=\"Las preguntas m\u00e1s frecuentes ayudar\u00e1n a los clientes a comprender qu\u00e9 puede ofrecer ISOG y qu\u00e9 pueden esperar de los servicios que ofrece ISOG\" \/>\n<meta name=\"robots\" content=\"index, follow, max-snippet:-1, max-image-preview:large, max-video-preview:-1\" \/>\n<link rel=\"canonical\" href=\"https:\/\/isog.org\/es\/faq-preguntas-mas-frecuentes\/\" \/>\n<meta property=\"og:locale\" content=\"es_ES\" \/>\n<meta property=\"og:type\" content=\"article\" \/>\n<meta property=\"og:title\" content=\"FAQ - Preguntas M\u00e1s Frecuentes\" \/>\n<meta property=\"og:description\" content=\"Las preguntas m\u00e1s frecuentes ayudar\u00e1n a los clientes a comprender qu\u00e9 puede ofrecer ISOG y qu\u00e9 pueden esperar de los servicios que ofrece ISOG\" \/>\n<meta property=\"og:url\" content=\"https:\/\/isog.org\/es\/faq-preguntas-mas-frecuentes\/\" \/>\n<meta property=\"og:site_name\" content=\"ISOG\" \/>\n<meta property=\"article:publisher\" content=\"https:\/\/www.facebook.com\/ISOG.WORLDWIDE\/\" \/>\n<meta property=\"article:modified_time\" content=\"2024-04-08T22:49:47+00:00\" \/>\n<meta name=\"twitter:card\" content=\"summary_large_image\" \/>\n<meta name=\"twitter:label1\" content=\"Tiempo de lectura\" \/>\n\t<meta name=\"twitter:data1\" content=\"3 minutos\" \/>\n<script type=\"application\/ld+json\" class=\"yoast-schema-graph\">{\"@context\":\"https:\\\/\\\/schema.org\",\"@graph\":[{\"@type\":\"WebPage\",\"@id\":\"https:\\\/\\\/isog.org\\\/es\\\/faq-preguntas-mas-frecuentes\\\/\",\"url\":\"https:\\\/\\\/isog.org\\\/es\\\/faq-preguntas-mas-frecuentes\\\/\",\"name\":\"FAQ - Preguntas M\u00e1s Frecuentes - ISOG\",\"isPartOf\":{\"@id\":\"https:\\\/\\\/isog.org\\\/es\\\/#website\"},\"datePublished\":\"2024-04-08T21:11:07+00:00\",\"dateModified\":\"2024-04-08T22:49:47+00:00\",\"description\":\"Las preguntas m\u00e1s frecuentes ayudar\u00e1n a los clientes a comprender qu\u00e9 puede ofrecer ISOG y qu\u00e9 pueden esperar de los servicios que ofrece ISOG\",\"breadcrumb\":{\"@id\":\"https:\\\/\\\/isog.org\\\/es\\\/faq-preguntas-mas-frecuentes\\\/#breadcrumb\"},\"inLanguage\":\"es\",\"potentialAction\":[{\"@type\":\"ReadAction\",\"target\":[\"https:\\\/\\\/isog.org\\\/es\\\/faq-preguntas-mas-frecuentes\\\/\"]}]},{\"@type\":\"BreadcrumbList\",\"@id\":\"https:\\\/\\\/isog.org\\\/es\\\/faq-preguntas-mas-frecuentes\\\/#breadcrumb\",\"itemListElement\":[{\"@type\":\"ListItem\",\"position\":1,\"name\":\"Home\",\"item\":\"https:\\\/\\\/isog.org\\\/es\\\/\"},{\"@type\":\"ListItem\",\"position\":2,\"name\":\"FAQ &#8211; Preguntas M\u00e1s Frecuentes\"}]},{\"@type\":\"WebSite\",\"@id\":\"https:\\\/\\\/isog.org\\\/es\\\/#website\",\"url\":\"https:\\\/\\\/isog.org\\\/es\\\/\",\"name\":\"ISOG\",\"description\":\"Lawyers, private investigators and private detectives offer offshore companies, offshore bank accounts, passport, citizenships, legal services, fraud examination, private investigations\",\"publisher\":{\"@id\":\"https:\\\/\\\/isog.org\\\/es\\\/#organization\"},\"potentialAction\":[{\"@type\":\"SearchAction\",\"target\":{\"@type\":\"EntryPoint\",\"urlTemplate\":\"https:\\\/\\\/isog.org\\\/es\\\/?s={search_term_string}\"},\"query-input\":{\"@type\":\"PropertyValueSpecification\",\"valueRequired\":true,\"valueName\":\"search_term_string\"}}],\"inLanguage\":\"es\"},{\"@type\":\"Organization\",\"@id\":\"https:\\\/\\\/isog.org\\\/es\\\/#organization\",\"name\":\"ISOG\",\"url\":\"https:\\\/\\\/isog.org\\\/es\\\/\",\"logo\":{\"@type\":\"ImageObject\",\"inLanguage\":\"es\",\"@id\":\"https:\\\/\\\/isog.org\\\/es\\\/#\\\/schema\\\/logo\\\/image\\\/\",\"url\":\"https:\\\/\\\/isog.org\\\/wp-content\\\/uploads\\\/2021\\\/05\\\/ISOG-LOGO-NO-WHITE-80.png\",\"contentUrl\":\"https:\\\/\\\/isog.org\\\/wp-content\\\/uploads\\\/2021\\\/05\\\/ISOG-LOGO-NO-WHITE-80.png\",\"width\":76,\"height\":80,\"caption\":\"ISOG\"},\"image\":{\"@id\":\"https:\\\/\\\/isog.org\\\/es\\\/#\\\/schema\\\/logo\\\/image\\\/\"},\"sameAs\":[\"https:\\\/\\\/www.facebook.com\\\/ISOG.WORLDWIDE\\\/\",\"https:\\\/\\\/www.instagram.com\\\/isogpanama\\\/\",\"https:\\\/\\\/www.linkedin.com\\\/company\\\/isog-inc-isog-law-firm\\\/\",\"https:\\\/\\\/www.pinterest.com\\\/ISOGINC\\\/\",\"https:\\\/\\\/www.youtube.com\\\/user\\\/isoginc\"]}]}<\/script>\n<!-- \/ Yoast SEO Premium plugin. -->","yoast_head_json":{"title":"FAQ - Preguntas M\u00e1s Frecuentes - ISOG","description":"Las preguntas m\u00e1s frecuentes ayudar\u00e1n a los clientes a comprender qu\u00e9 puede ofrecer ISOG y qu\u00e9 pueden esperar de los servicios que ofrece ISOG","robots":{"index":"index","follow":"follow","max-snippet":"max-snippet:-1","max-image-preview":"max-image-preview:large","max-video-preview":"max-video-preview:-1"},"canonical":"https:\/\/isog.org\/es\/faq-preguntas-mas-frecuentes\/","og_locale":"es_ES","og_type":"article","og_title":"FAQ - Preguntas M\u00e1s Frecuentes","og_description":"Las preguntas m\u00e1s frecuentes ayudar\u00e1n a los clientes a comprender qu\u00e9 puede ofrecer ISOG y qu\u00e9 pueden esperar de los servicios que ofrece ISOG","og_url":"https:\/\/isog.org\/es\/faq-preguntas-mas-frecuentes\/","og_site_name":"ISOG","article_publisher":"https:\/\/www.facebook.com\/ISOG.WORLDWIDE\/","article_modified_time":"2024-04-08T22:49:47+00:00","twitter_card":"summary_large_image","twitter_misc":{"Tiempo de lectura":"3 minutos"},"schema":{"@context":"https:\/\/schema.org","@graph":[{"@type":"WebPage","@id":"https:\/\/isog.org\/es\/faq-preguntas-mas-frecuentes\/","url":"https:\/\/isog.org\/es\/faq-preguntas-mas-frecuentes\/","name":"FAQ - Preguntas M\u00e1s Frecuentes - ISOG","isPartOf":{"@id":"https:\/\/isog.org\/es\/#website"},"datePublished":"2024-04-08T21:11:07+00:00","dateModified":"2024-04-08T22:49:47+00:00","description":"Las preguntas m\u00e1s frecuentes ayudar\u00e1n a los clientes a comprender qu\u00e9 puede ofrecer ISOG y qu\u00e9 pueden esperar de los servicios que ofrece ISOG","breadcrumb":{"@id":"https:\/\/isog.org\/es\/faq-preguntas-mas-frecuentes\/#breadcrumb"},"inLanguage":"es","potentialAction":[{"@type":"ReadAction","target":["https:\/\/isog.org\/es\/faq-preguntas-mas-frecuentes\/"]}]},{"@type":"BreadcrumbList","@id":"https:\/\/isog.org\/es\/faq-preguntas-mas-frecuentes\/#breadcrumb","itemListElement":[{"@type":"ListItem","position":1,"name":"Home","item":"https:\/\/isog.org\/es\/"},{"@type":"ListItem","position":2,"name":"FAQ &#8211; Preguntas M\u00e1s Frecuentes"}]},{"@type":"WebSite","@id":"https:\/\/isog.org\/es\/#website","url":"https:\/\/isog.org\/es\/","name":"ISOG","description":"Lawyers, private investigators and private detectives offer offshore companies, offshore bank accounts, passport, citizenships, legal services, fraud examination, private investigations","publisher":{"@id":"https:\/\/isog.org\/es\/#organization"},"potentialAction":[{"@type":"SearchAction","target":{"@type":"EntryPoint","urlTemplate":"https:\/\/isog.org\/es\/?s={search_term_string}"},"query-input":{"@type":"PropertyValueSpecification","valueRequired":true,"valueName":"search_term_string"}}],"inLanguage":"es"},{"@type":"Organization","@id":"https:\/\/isog.org\/es\/#organization","name":"ISOG","url":"https:\/\/isog.org\/es\/","logo":{"@type":"ImageObject","inLanguage":"es","@id":"https:\/\/isog.org\/es\/#\/schema\/logo\/image\/","url":"https:\/\/isog.org\/wp-content\/uploads\/2021\/05\/ISOG-LOGO-NO-WHITE-80.png","contentUrl":"https:\/\/isog.org\/wp-content\/uploads\/2021\/05\/ISOG-LOGO-NO-WHITE-80.png","width":76,"height":80,"caption":"ISOG"},"image":{"@id":"https:\/\/isog.org\/es\/#\/schema\/logo\/image\/"},"sameAs":["https:\/\/www.facebook.com\/ISOG.WORLDWIDE\/","https:\/\/www.instagram.com\/isogpanama\/","https:\/\/www.linkedin.com\/company\/isog-inc-isog-law-firm\/","https:\/\/www.pinterest.com\/ISOGINC\/","https:\/\/www.youtube.com\/user\/isoginc"]}]}},"_links":{"self":[{"href":"https:\/\/isog.org\/es\/wp-json\/wp\/v2\/pages\/37955","targetHints":{"allow":["GET"]}}],"collection":[{"href":"https:\/\/isog.org\/es\/wp-json\/wp\/v2\/pages"}],"about":[{"href":"https:\/\/isog.org\/es\/wp-json\/wp\/v2\/types\/page"}],"author":[{"embeddable":true,"href":"https:\/\/isog.org\/es\/wp-json\/wp\/v2\/users\/1"}],"replies":[{"embeddable":true,"href":"https:\/\/isog.org\/es\/wp-json\/wp\/v2\/comments?post=37955"}],"version-history":[{"count":14,"href":"https:\/\/isog.org\/es\/wp-json\/wp\/v2\/pages\/37955\/revisions"}],"predecessor-version":[{"id":37992,"href":"https:\/\/isog.org\/es\/wp-json\/wp\/v2\/pages\/37955\/revisions\/37992"}],"wp:attachment":[{"href":"https:\/\/isog.org\/es\/wp-json\/wp\/v2\/media?parent=37955"}],"curies":[{"name":"wp","href":"https:\/\/api.w.org\/{rel}","templated":true}]}}